{"id":1722,"date":"2015-08-09T09:16:40","date_gmt":"2015-08-09T08:16:40","guid":{"rendered":"http:\/\/www.miles-smilesaway.com\/?page_id=1722"},"modified":"2017-01-25T11:44:44","modified_gmt":"2017-01-25T10:44:44","slug":"mapa-meho-cestovani","status":"publish","type":"page","link":"https:\/\/www.miles-smilesaway.com\/cs\/mapa-meho-cestovani\/","title":{"rendered":"MAPA M\u00c9HO CESTOV\u00c1N\u00cd"},"content":{"rendered":"<p>Zde je mapa m\u00e9ho cestov\u00e1n\u00ed. Zat\u00edm jsem nav\u0161t\u00edvila 24 zem\u00ed z celkov\u00fdch 195 &#8211; po\u0159\u00e1d m\u00e1m toho hodn\u011b p\u0159ed sebou \ud83d\ude42 TripAdvisor a jeho\u00a0Travel Map mi vypo\u010d\u00edtala, \u017ee jsem zat\u00edm procestovala 15 % sv\u011bta. Sice to nen\u00ed moc, ale lep\u0161\u00ed ne\u017e nic \ud83d\ude42 M\u00fdm snem je dos\u00e1hnout alespo\u0148 50 %, tak uvid\u00edme zda a kdy se mi to poda\u0159\u00ed splnit. Dr\u017ete palce!<\/p>\n<p>&nbsp;<\/p>\n<p>[show-map id=&#8217;2&#8242;]<\/p>\n<hr \/>\n<p><strong>2017<\/strong>\u00a0 \u00a0 \u00a0 VIETNAM<\/p>\n<p><strong>2016 \u00a0 \u00a0 <\/strong><a href=\"https:\/\/www.miles-smilesaway.com\/cs\/category\/mista\/indonesie\/\" target=\"_blank\">INDON\u00c9SIE<\/a>\u00a0 &#8211; \u00a0<a href=\"https:\/\/www.miles-smilesaway.com\/cs\/category\/mista\/thajsko\/\" target=\"_blank\">THAJSKO<\/a> \u00a0&#8211; \u00a0<a href=\"https:\/\/www.miles-smilesaway.com\/cs\/category\/mista\/malajsie\/\" target=\"_blank\">MALAJSIE<\/a>\u00a0 &#8211; \u00a0MYANMAR<\/p>\n<p style=\"text-align: left;\"><strong>2015 \u00a0 \u00a0 <\/strong><a href=\"https:\/\/www.miles-smilesaway.com\/cs\/category\/mista\/malajsie\/\" target=\"_blank\">MALAJSIE<\/a>\u00a0 &#8211;\u00a0<a href=\"https:\/\/www.miles-smilesaway.com\/cs\/category\/mista\/indonesie\/\" target=\"_blank\">INDON\u00c9SIE<\/a>\u00a0 &#8211; \u00a0<a href=\"https:\/\/www.miles-smilesaway.com\/cs\/category\/mista\/thajsko\/\" target=\"_blank\">THAJSKO<\/a><\/p>\n<p style=\"text-align: left;\"><strong>2014 \u00a0 \u00a0 <\/strong><a href=\"https:\/\/www.miles-smilesaway.com\/cs\/category\/mista\/maledivy\/\" target=\"_blank\">MALEDIVY<\/a> \u00a0&#8211; \u00a0SR\u00cd LANKA \u00a0&#8211; \u00a0ISLAND<\/p>\n<p style=\"text-align: left;\"><strong>2013 \u00a0 \u00a0\u00a0<\/strong>CHORVATSKO \u00a0&#8211; \u00a0IT\u00c1LIE<\/p>\n<p style=\"text-align: left;\"><strong>2012 \u00a0 \u00a0\u00a0<\/strong>USA<\/p>\n<p style=\"text-align: left;\"><strong>2011 \u00a0 \u00a0\u00a0<\/strong>USA \u00a0&#8211; \u00a0CHORVATSKO &#8211;\u00a0FRANCIE<\/p>\n<p style=\"text-align: left;\"><strong>2010 \u00a0 \u00a0<\/strong>EGYPT<\/p>\n<!-- AddThis Advanced Settings generic via filter on the_content --><!-- AddThis Share Buttons generic via filter on the_content -->","protected":false},"excerpt":{"rendered":"<p>Zde je mapa m\u00e9ho cestov\u00e1n\u00ed. Zat\u00edm jsem nav\u0161t\u00edvila 24 zem\u00ed z celkov\u00fdch 195 &#8211; po\u0159\u00e1d m\u00e1m toho hodn\u011b p\u0159ed sebou \ud83d\ude42 TripAdvisor a jeho\u00a0Travel Map mi vypo\u010d\u00edtala, \u017ee jsem zat\u00edm<!-- AddThis Advanced Settings generic via filter on get_the_excerpt --><!-- AddThis Share Buttons generic via filter on get_the_excerpt --><\/p>\n","protected":false},"author":1,"featured_media":0,"parent":0,"menu_order":0,"comment_status":"closed","ping_status":"closed","template":"","meta":{"footnotes":""},"class_list":["post-1722","page","type-page","status-publish","hentry"],"yoast_head":"<!-- This site is optimized with the Yoast SEO plugin v25.3 - https:\/\/yoast.com\/wordpress\/plugins\/seo\/ -->\n<title>MAPA M\u00c9HO CESTOV\u00c1N\u00cd - Miles &amp; Smiles Away<\/title>\n<meta name=\"description\" content=\"Mapa m\u00e9ho cestov\u00e1n\u00ed = 22 zem\u00ed z celkov\u00fdch 195, podle TripAvisoru 13% z celkov\u00e9ho sv\u011bta. M\u00fdm c\u00edlem je dos\u00e1hnout na pades\u00e1t procent, tak dr\u017ete palce!\" \/>\n<meta name=\"robots\" content=\"index, follow, max-snippet:-1, max-image-preview:large, max-video-preview:-1\" \/>\n<link rel=\"canonical\" href=\"https:\/\/www.miles-smilesaway.com\/cs\/mapa-meho-cestovani\/\" \/>\n<meta property=\"og:locale\" content=\"cs_CZ\" \/>\n<meta property=\"og:type\" content=\"article\" \/>\n<meta property=\"og:title\" content=\"MAPA M\u00c9HO CESTOV\u00c1N\u00cd - Miles &amp; Smiles Away\" \/>\n<meta property=\"og:description\" content=\"Mapa m\u00e9ho cestov\u00e1n\u00ed = 22 zem\u00ed z celkov\u00fdch 195, podle TripAvisoru 13% z celkov\u00e9ho sv\u011bta. M\u00fdm c\u00edlem je dos\u00e1hnout na pades\u00e1t procent, tak dr\u017ete palce!\" \/>\n<meta property=\"og:url\" content=\"https:\/\/www.miles-smilesaway.com\/cs\/mapa-meho-cestovani\/\" \/>\n<meta property=\"og:site_name\" content=\"Miles &amp; Smiles Away\" \/>\n<meta property=\"article:modified_time\" content=\"2017-01-25T10:44:44+00:00\" \/>\n<meta property=\"og:image\" content=\"https:\/\/www.miles-smilesaway.com\/wp-content\/uploads\/2014\/08\/milessmilesaway.jpg\" \/>\n\t<meta property=\"og:image:width\" content=\"900\" \/>\n\t<meta property=\"og:image:height\" content=\"545\" \/>\n\t<meta property=\"og:image:type\" content=\"image\/jpeg\" \/>\n<meta name=\"twitter:card\" content=\"summary_large_image\" \/>\n<meta name=\"twitter:site\" content=\"@Jailyaa\" \/>\n<meta name=\"twitter:label1\" content=\"Odhadovan\u00e1 doba \u010dten\u00ed\" \/>\n\t<meta name=\"twitter:data1\" content=\"1 minuta\" \/>\n<script type=\"application\/ld+json\" class=\"yoast-schema-graph\">{\"@context\":\"https:\/\/schema.org\",\"@graph\":[{\"@type\":\"WebPage\",\"@id\":\"https:\/\/www.miles-smilesaway.com\/cs\/mapa-meho-cestovani\/\",\"url\":\"https:\/\/www.miles-smilesaway.com\/cs\/mapa-meho-cestovani\/\",\"name\":\"MAPA M\u00c9HO CESTOV\u00c1N\u00cd - Miles &amp; Smiles Away\",\"isPartOf\":{\"@id\":\"https:\/\/www.miles-smilesaway.com\/cs\/#website\"},\"datePublished\":\"2015-08-09T08:16:40+00:00\",\"dateModified\":\"2017-01-25T10:44:44+00:00\",\"description\":\"Mapa m\u00e9ho cestov\u00e1n\u00ed = 22 zem\u00ed z celkov\u00fdch 195, podle TripAvisoru 13% z celkov\u00e9ho sv\u011bta. M\u00fdm c\u00edlem je dos\u00e1hnout na pades\u00e1t procent, tak dr\u017ete palce!\",\"inLanguage\":\"cs\",\"potentialAction\":[{\"@type\":\"ReadAction\",\"target\":[\"https:\/\/www.miles-smilesaway.com\/cs\/mapa-meho-cestovani\/\"]}]},{\"@type\":\"WebSite\",\"@id\":\"https:\/\/www.miles-smilesaway.com\/cs\/#website\",\"url\":\"https:\/\/www.miles-smilesaway.com\/cs\/\",\"name\":\"Miles &amp; Smiles Away\",\"description\":\"Couple of expats living abroad. Currently in Oman.\",\"publisher\":{\"@id\":\"https:\/\/www.miles-smilesaway.com\/cs\/#\/schema\/person\/988991fe25d4ae598f8c1d43bff9ec4e\"},\"potentialAction\":[{\"@type\":\"SearchAction\",\"target\":{\"@type\":\"EntryPoint\",\"urlTemplate\":\"https:\/\/www.miles-smilesaway.com\/cs\/?s={search_term_string}\"},\"query-input\":{\"@type\":\"PropertyValueSpecification\",\"valueRequired\":true,\"valueName\":\"search_term_string\"}}],\"inLanguage\":\"cs\"},{\"@type\":[\"Person\",\"Organization\"],\"@id\":\"https:\/\/www.miles-smilesaway.com\/cs\/#\/schema\/person\/988991fe25d4ae598f8c1d43bff9ec4e\",\"name\":\"Jana\",\"logo\":{\"@id\":\"https:\/\/www.miles-smilesaway.com\/cs\/#\/schema\/person\/image\/\"}}]}<\/script>\n<!-- \/ Yoast SEO plugin. -->","yoast_head_json":{"title":"MAPA M\u00c9HO CESTOV\u00c1N\u00cd - Miles &amp; Smiles Away","description":"Mapa m\u00e9ho cestov\u00e1n\u00ed = 22 zem\u00ed z celkov\u00fdch 195, podle TripAvisoru 13% z celkov\u00e9ho sv\u011bta. M\u00fdm c\u00edlem je dos\u00e1hnout na pades\u00e1t procent, tak dr\u017ete palce!","robots":{"index":"index","follow":"follow","max-snippet":"max-snippet:-1","max-image-preview":"max-image-preview:large","max-video-preview":"max-video-preview:-1"},"canonical":"https:\/\/www.miles-smilesaway.com\/cs\/mapa-meho-cestovani\/","og_locale":"cs_CZ","og_type":"article","og_title":"MAPA M\u00c9HO CESTOV\u00c1N\u00cd - Miles &amp; Smiles Away","og_description":"Mapa m\u00e9ho cestov\u00e1n\u00ed = 22 zem\u00ed z celkov\u00fdch 195, podle TripAvisoru 13% z celkov\u00e9ho sv\u011bta. M\u00fdm c\u00edlem je dos\u00e1hnout na pades\u00e1t procent, tak dr\u017ete palce!","og_url":"https:\/\/www.miles-smilesaway.com\/cs\/mapa-meho-cestovani\/","og_site_name":"Miles &amp; Smiles Away","article_modified_time":"2017-01-25T10:44:44+00:00","og_image":[{"width":900,"height":545,"url":"https:\/\/www.miles-smilesaway.com\/wp-content\/uploads\/2014\/08\/milessmilesaway.jpg","type":"image\/jpeg"}],"twitter_card":"summary_large_image","twitter_site":"@Jailyaa","twitter_misc":{"Odhadovan\u00e1 doba \u010dten\u00ed":"1 minuta"},"schema":{"@context":"https:\/\/schema.org","@graph":[{"@type":"WebPage","@id":"https:\/\/www.miles-smilesaway.com\/cs\/mapa-meho-cestovani\/","url":"https:\/\/www.miles-smilesaway.com\/cs\/mapa-meho-cestovani\/","name":"MAPA M\u00c9HO CESTOV\u00c1N\u00cd - Miles &amp; Smiles Away","isPartOf":{"@id":"https:\/\/www.miles-smilesaway.com\/cs\/#website"},"datePublished":"2015-08-09T08:16:40+00:00","dateModified":"2017-01-25T10:44:44+00:00","description":"Mapa m\u00e9ho cestov\u00e1n\u00ed = 22 zem\u00ed z celkov\u00fdch 195, podle TripAvisoru 13% z celkov\u00e9ho sv\u011bta. M\u00fdm c\u00edlem je dos\u00e1hnout na pades\u00e1t procent, tak dr\u017ete palce!","inLanguage":"cs","potentialAction":[{"@type":"ReadAction","target":["https:\/\/www.miles-smilesaway.com\/cs\/mapa-meho-cestovani\/"]}]},{"@type":"WebSite","@id":"https:\/\/www.miles-smilesaway.com\/cs\/#website","url":"https:\/\/www.miles-smilesaway.com\/cs\/","name":"Miles &amp; Smiles Away","description":"Couple of expats living abroad. Currently in Oman.","publisher":{"@id":"https:\/\/www.miles-smilesaway.com\/cs\/#\/schema\/person\/988991fe25d4ae598f8c1d43bff9ec4e"},"potentialAction":[{"@type":"SearchAction","target":{"@type":"EntryPoint","urlTemplate":"https:\/\/www.miles-smilesaway.com\/cs\/?s={search_term_string}"},"query-input":{"@type":"PropertyValueSpecification","valueRequired":true,"valueName":"search_term_string"}}],"inLanguage":"cs"},{"@type":["Person","Organization"],"@id":"https:\/\/www.miles-smilesaway.com\/cs\/#\/schema\/person\/988991fe25d4ae598f8c1d43bff9ec4e","name":"Jana","logo":{"@id":"https:\/\/www.miles-smilesaway.com\/cs\/#\/schema\/person\/image\/"}}]}},"_links":{"self":[{"href":"https:\/\/www.miles-smilesaway.com\/cs\/wp-json\/wp\/v2\/pages\/1722","targetHints":{"allow":["GET"]}}],"collection":[{"href":"https:\/\/www.miles-smilesaway.com\/cs\/wp-json\/wp\/v2\/pages"}],"about":[{"href":"https:\/\/www.miles-smilesaway.com\/cs\/wp-json\/wp\/v2\/types\/page"}],"author":[{"embeddable":true,"href":"https:\/\/www.miles-smilesaway.com\/cs\/wp-json\/wp\/v2\/users\/1"}],"replies":[{"embeddable":true,"href":"https:\/\/www.miles-smilesaway.com\/cs\/wp-json\/wp\/v2\/comments?post=1722"}],"version-history":[{"count":18,"href":"https:\/\/www.miles-smilesaway.com\/cs\/wp-json\/wp\/v2\/pages\/1722\/revisions"}],"predecessor-version":[{"id":3461,"href":"https:\/\/www.miles-smilesaway.com\/cs\/wp-json\/wp\/v2\/pages\/1722\/revisions\/3461"}],"wp:attachment":[{"href":"https:\/\/www.miles-smilesaway.com\/cs\/wp-json\/wp\/v2\/media?parent=1722"}],"curies":[{"name":"wp","href":"https:\/\/api.w.org\/{rel}","templated":true}]}}